{"id":102,"date":"2011-01-16T19:37:56","date_gmt":"2011-01-16T19:37:56","guid":{"rendered":"http:\/\/solar-energie-boden.de\/wordpress\/?page_id=102"},"modified":"2023-03-22T14:13:53","modified_gmt":"2023-03-22T12:13:53","slug":"download","status":"publish","type":"page","link":"https:\/\/www.solar-energie-boden.de\/?page_id=102","title":{"rendered":"Download"},"content":{"rendered":"<p><em>Bitte ausf\u00fcllen und mit den z.T. ben\u00f6tigten Zusatzinfos an uns senden.<\/em><br \/>\n<strong>Checklisten zur Angebotserstellung<\/strong><\/p>\n<div class='w3eden'><!-- WPDM Link Template: Default Template -->\n\n<div class=\"link-template-default card mb-2\">\n    <div class=\"card-body\">\n        <div class=\"media\">\n            <div class=\"mr-3 img-48\"><img decoding=\"async\" class=\"wpdm_icon\" alt=\"Icon\" src=\"https:\/\/www.solar-energie-boden.de\/wp-content\/plugins\/download-manager\/assets\/file-type-icons\/pdf.svg\" \/><\/div>\n            <div class=\"media-body\">\n                <h3 class=\"package-title\"><a href='https:\/\/www.solar-energie-boden.de\/?wpdmpro=checkliste-angebotserstellung-heizung'>Checkliste Angebotserstellung Heizung<\/a><\/h3>\n                <div class=\"text-muted text-small\"><i class=\"fas fa-copy\"><\/i> 1 Datei(en) <i class=\"fas fa-hdd ml-3\"><\/i> 155.91 KB<\/div>\n            <\/div>\n            <div class=\"ml-3\">\n                <a class='wpdm-download-link btn btn-secondary btn-xs' rel='nofollow' href='https:\/\/www.solar-energie-boden.de\/?wpdmpro=checkliste-angebotserstellung-heizung&wpdmdl=2001&refresh=69e2ff737b3be1776484211'>Download<\/a>\n            <\/div>\n        <\/div>\n    <\/div>\n<\/div>\n\n<\/div>\n<p><div class='w3eden'><!-- WPDM Link Template: Default Template -->\n\n<div class=\"link-template-default card mb-2\">\n    <div class=\"card-body\">\n        <div class=\"media\">\n            <div class=\"mr-3 img-48\"><img decoding=\"async\" class=\"wpdm_icon\" alt=\"Icon\" src=\"https:\/\/www.solar-energie-boden.de\/wp-content\/plugins\/download-manager\/assets\/file-type-icons\/pdf.svg\" \/><\/div>\n            <div class=\"media-body\">\n                <h3 class=\"package-title\"><a href='https:\/\/www.solar-energie-boden.de\/?wpdmpro=checkliste-angebotserstellung-pv'>Checkliste Angebotserstellung PV<\/a><\/h3>\n                <div class=\"text-muted text-small\"><i class=\"fas fa-copy\"><\/i> 1 Datei(en) <i class=\"fas fa-hdd ml-3\"><\/i> 292.55 KB<\/div>\n            <\/div>\n            <div class=\"ml-3\">\n                <a class='wpdm-download-link btn btn-secondary btn-xs' rel='nofollow' href='https:\/\/www.solar-energie-boden.de\/?wpdmpro=checkliste-angebotserstellung-pv&wpdmdl=1994&refresh=69e2ff7380f201776484211'>Download<\/a>\n            <\/div>\n        <\/div>\n    <\/div>\n<\/div>\n\n<\/div><br \/>\n<strong>Checkliste + Planungsauftrag zur Energetischen Berechnung<\/strong><\/p>\n<p><em>Zur Zeit haben wir leider keine Kapazit\u00e4ten f\u00fcr energetische Berechnungen<\/em><\/p>\n<p>&nbsp;<br \/>\n<strong>Weitere Formulare<\/strong><\/p>\n<div class='w3eden'><!-- WPDM Link Template: Default Template -->\n\n<div class=\"link-template-default card mb-2\">\n    <div class=\"card-body\">\n        <div class=\"media\">\n            <div class=\"mr-3 img-48\"><img decoding=\"async\" class=\"wpdm_icon\" alt=\"Icon\" src=\"https:\/\/www.solar-energie-boden.de\/wp-content\/plugins\/download-manager\/assets\/file-type-icons\/pdf.svg\" \/><\/div>\n            <div class=\"media-body\">\n                <h3 class=\"package-title\"><a href='https:\/\/www.solar-energie-boden.de\/?wpdmpro=sepa-mandat'>SEPA-Mandat<\/a><\/h3>\n                <div class=\"text-muted text-small\"><i class=\"fas fa-copy\"><\/i> 1 Datei(en) <i class=\"fas fa-hdd ml-3\"><\/i> 41.82 KB<\/div>\n            <\/div>\n            <div class=\"ml-3\">\n                <a class='wpdm-download-link btn btn-secondary btn-xs' rel='nofollow' href='https:\/\/www.solar-energie-boden.de\/?wpdmpro=sepa-mandat&wpdmdl=1997&refresh=69e2ff73838911776484211'>Download<\/a>\n            <\/div>\n        <\/div>\n    <\/div>\n<\/div>\n\n<\/div>\n<hr \/>\n<p><strong>Ausf\u00fcllen und Speichern von PDF-Formularen<\/strong><\/p>\n<p>Einige PDF-Formulare k\u00f6nnen direkt am Computer ausgef\u00fcllt werden. Dies ist meist mit den \u00fcblichen PDF-Betrachtern m\u00f6glich. Die ausgef\u00fcllte Datei k\u00f6nnen Sie ausdrucken (in Papierform oder PDF) und uns zusenden. Der &#8222;Ausdruck&#8220; des ausgef\u00fcllten Formulars als PDF-Datei ist u.a. mit dem kostenlosen <a title=\"7-PDF-Printer\" href=\"http:\/\/www.7-pdf.de\/7-pdf-printer\/\">7-PDF-Printer<\/a> m\u00f6glich. Dieser installiert sich als Drucker und erzeugt eine PDF-Datei, welche dann per eMail verschickt werden kann.<\/p>\n<p>Weiterhin ist es m\u00f6glich, \u00fcber einen kostenlosen PDF-Betrachter (<a title=\"CABAReT Stage\" href=\"http:\/\/www.cabaret-solutions.com\/downloads\" target=\"_blank\" rel=\"noopener\">CABAReT Stage<\/a>) die PDF-Formulare auszuf\u00fcllen, mit den Formulardaten zu speichern, sp\u00e4ter erneut zu bearbeiten oder auszudrucken. Somit k\u00f6nnen Sie uns auch die ausgef\u00fcllte PDF per eMail senden.<\/p>\n<p>Au\u00dferdem steht Ihnen nat\u00fcrlich auch der \u00fcbliche Weg (ausdrucken und per Hand ausf\u00fcllen) zur Verf\u00fcgung.<\/p>\n","protected":false},"excerpt":{"rendered":"<p>Bitte ausf\u00fcllen und mit den z.T. ben\u00f6tigten Zusatzinfos an uns senden. Checklisten zur Angebotserstellung Checkliste + Planungsauftrag zur Energetischen Berechnung Zur Zeit haben wir leider keine Kapazit\u00e4ten f\u00fcr energetische Berechnungen &nbsp; Weitere Formulare Ausf\u00fcllen und Speichern von PDF-Formularen Einige PDF-Formulare<\/p>\n","protected":false},"author":1,"featured_media":0,"parent":68,"menu_order":0,"comment_status":"open","ping_status":"open","template":"","meta":{"ngg_post_thumbnail":0,"footnotes":""},"class_list":["post-102","page","type-page","status-publish","hentry"],"_links":{"self":[{"href":"https:\/\/www.solar-energie-boden.de\/index.php?rest_route=\/wp\/v2\/pages\/102","targetHints":{"allow":["GET"]}}],"collection":[{"href":"https:\/\/www.solar-energie-boden.de\/index.php?rest_route=\/wp\/v2\/pages"}],"about":[{"href":"https:\/\/www.solar-energie-boden.de\/index.php?rest_route=\/wp\/v2\/types\/page"}],"author":[{"embeddable":true,"href":"https:\/\/www.solar-energie-boden.de\/index.php?rest_route=\/wp\/v2\/users\/1"}],"replies":[{"embeddable":true,"href":"https:\/\/www.solar-energie-boden.de\/index.php?rest_route=%2Fwp%2Fv2%2Fcomments&post=102"}],"version-history":[{"count":5,"href":"https:\/\/www.solar-energie-boden.de\/index.php?rest_route=\/wp\/v2\/pages\/102\/revisions"}],"predecessor-version":[{"id":2003,"href":"https:\/\/www.solar-energie-boden.de\/index.php?rest_route=\/wp\/v2\/pages\/102\/revisions\/2003"}],"up":[{"embeddable":true,"href":"https:\/\/www.solar-energie-boden.de\/index.php?rest_route=\/wp\/v2\/pages\/68"}],"wp:attachment":[{"href":"https:\/\/www.solar-energie-boden.de\/index.php?rest_route=%2Fwp%2Fv2%2Fmedia&parent=102"}],"curies":[{"name":"wp","href":"https:\/\/api.w.org\/{rel}","templated":true}]}}