{"id":1107,"date":"2012-10-03T13:19:10","date_gmt":"2012-10-03T11:19:10","guid":{"rendered":"http:\/\/solar-energie-boden.de\/?page_id=1107"},"modified":"2012-10-03T14:19:18","modified_gmt":"2012-10-03T12:19:18","slug":"unsere-energiespar-modelle","status":"publish","type":"page","link":"https:\/\/www.solar-energie-boden.de\/?page_id=1107","title":{"rendered":"Unsere &#8222;Energiespar-Modelle&#8220;"},"content":{"rendered":"<p>Der direkte <a title=\"Wenn Ihre Heizung ein Auto w\u00e4re\u2026\" href=\"http:\/\/solar-energie-boden.de\/?page_id=944\">Vergleich zwischen Heizung und Auto<\/a> beeindruckt. Doch welche Konsequenzen ergeben sich daraus f\u00fcr Ihre Heizung? Wir haben Ihnen drei Kategorien mit jeweils verschiedenen Beispielen zusammengestellt, die Ihnen Anregungen geben k\u00f6nnen. Gern beraten wir Sie auch in einem pers\u00f6nlichen Gespr\u00e4ch. Sprechen Sie uns an!<\/p>\n<hr \/>\n<h2>Bestehende Heizung aufr\u00fcsten<\/h2>\n<h4>Vorausschauendes Fahren<a href=\"http:\/\/solar-energie-boden.de\/wp-content\/uploads\/2012\/10\/uvr1611schrank.jpg\"><img loading=\"lazy\" decoding=\"async\" class=\"alignright size-thumbnail wp-image-1127\" title=\"UVR 1611\" src=\"http:\/\/solar-energie-boden.de\/wp-content\/uploads\/2012\/10\/uvr1611schrank-150x150.jpg\" alt=\"\" width=\"150\" height=\"150\" \/><\/a>\/Heizen<\/h4>\n<p>Bereits in der Fahrschule lernt man einen wichtigen Grundsatz f\u00fcr spritsparendes Fahren: &#8222;Vorausschauend Fahren&#8220;. Doch f\u00e4hrt Ihre Heizungsanlage &#8211; im \u00fcbertragenen Sinne &#8211; wirklich vorausschauend?<\/p>\n<p>Oftmals kann man bereits mit einer optimaleren Regelung der Heizungsanlage eine deutliche Einsparung erm\u00f6glichen. Besonders wenn mehrere W\u00e4rmeerzeuger zusammenarbeiten sollen, ist das Einsparpotential durch eine optimale Regelung recht hoch.<\/p>\n<h4>Hybridsysteme haben Vorfahrt<\/h4>\n<p><a href=\"http:\/\/solar-energie-boden.de\/wp-content\/uploads\/2012\/10\/Wodtke_Tio-air.jpg\"><img loading=\"lazy\" decoding=\"async\" class=\"alignleft size-thumbnail wp-image-1124\" title=\"Wodtke_Tio-air\" src=\"http:\/\/solar-energie-boden.de\/wp-content\/uploads\/2012\/10\/Wodtke_Tio-air-150x150.jpg\" alt=\"\" width=\"150\" height=\"150\" \/><\/a>&#8222;Hybrid&#8220; ist das Schlagwort der Autobranche. Es arbeiten zwei Motoren gemeinsam, meist ein Verbrennungs- und ein Elektromotor.<br \/>\nAuch f\u00fcr Ihre Heizung gibt es &#8222;Hilfsmotoren&#8220;. Eine thermische Solaranlage kann beispielsweise die Warmwasserbereitung und die Unterst\u00fctzung der Geb\u00e4udeheizung \u00fcbernehmen. Ein St\u00fcckholz- oder Pelletofen kann im Winter g\u00fcnstige W\u00e4rme f\u00fcr das ganze Haus erzeugen und somit Ihre Heizung entlasten.<a href=\"http:\/\/solar-energie-boden.de\/wp-content\/uploads\/2012\/10\/moder-fertig.jpg\"><img loading=\"lazy\" decoding=\"async\" class=\"wp-image-1133 alignright\" title=\"Solarthermie\" src=\"http:\/\/solar-energie-boden.de\/wp-content\/uploads\/2012\/10\/moder-fertig-150x150.jpg\" alt=\"\" width=\"150\" height=\"150\" \/><\/a><br \/>\nEs gibt vielf\u00e4ltige M\u00f6glichkeiten, Ihre Heizung aufzur\u00fcsten. Doch dabei muss sichergestellt werden, dass sich die Investition im voraussichtlichen Nutzungszeitraum auch rechnet! G\u00fcnstigstenfals kann man die nachger\u00fcsteten Komponenten bei einem Austausch des bestehenden Heizungssystems weiterhin verwenden. Das sollte aber mit einem &#8222;Sanierungsfahrplan&#8220; rechtzeitig gekl\u00e4rt werden. Nur so kann man auch langfristig effizient heizen.<\/p>\n<h4>Pumpentausch<\/h4>\n<p><a href=\"http:\/\/solar-energie-boden.de\/wp-content\/uploads\/2012\/10\/stratos_pico.jpg\"><img loading=\"lazy\" decoding=\"async\" class=\"alignright size-thumbnail wp-image-1118\" title=\"Wilo Stratos Pico\" src=\"http:\/\/solar-energie-boden.de\/wp-content\/uploads\/2012\/10\/stratos_pico-150x150.jpg\" alt=\"\" width=\"150\" height=\"150\" \/><\/a>Bei dieser Kategorie gibt es keinen Vergleich zum Auto. Doch gerade hier l\u00e4sst sich mit einem geringen finanziellen Aufwand ein hoher Einspareffekt und ein direkt &#8222;messbarer&#8220; Nutzen bewirken.<br \/>\nEine <strong>&#8222;alte&#8220; Heizungspumpe<\/strong> ben\u00f6tigt bei einer Leistung von rund 80 Watt und einer Jahreslaufzeit von durchschnittlich 4200 Stunden rund 336 Kilowattstunden Strom, also etwa <strong>90 Euro Stromkosten<\/strong>!<br \/>\nTauscht man diese gegen eine <strong>neue Hocheffizienzpumpe<\/strong> aus, so regelt die Pumpe selbst die ben\u00f6tigte F\u00f6rderleistung und verbraucht (dank eines stromsparenden Permanentmagnet-Motors) nur noch rund 80 Kilowattstunden pro Jahr, also <strong>rund 20 Euro pro Jahr<\/strong>.<br \/>\nDer Pumpentausch hat sich daher bereits nach wenigen Jahren gerechnet!<\/p>\n<hr \/>\n<h2>Umr\u00fcstung planen<\/h2>\n<p>Eine Heizungsumr\u00fcstung muss sorgf\u00e4ltig geplant werden. Ebenso wie man sich mit zunehmendem Alter des eigenen Fahrzeugs bereits nach Alternativen umsieht, Tests liest und den Markt verfolgt, sollte man auch mit zunehmendem Alter der Heizungsanlage nicht die Augen vor der unausweichlichen Frage nach der &#8222;n\u00e4chsten Heizung&#8220; verschlie\u00dfen.<\/p>\n<p>Wer langfristig plant, kann bei vorherigen Bauma\u00dfnahmen (Renovierung von R\u00e4umen, Verlegearbeiten von Elektroleitungen,&#8230;) bereits die Anforderungen eines k\u00fcnftigen Heizungssystems mit ber\u00fccksichtigen. Wer sich fr\u00fch genug mit den m\u00f6glichen Alternativen besch\u00e4ftigt, wird dann nicht von den Ereignissen &#8222;\u00fcberrollt&#8220;, wenn es schnell gehen muss.<\/p>\n<p>Wenn Ihre Heizung bereits in die Jahre gekommen ist, lohnt sich der Tausch meist &#8222;je eher &#8211; je mehr&#8220;. Mit jeder Kilowattstunde W\u00e4rme, die durch das neue Heizsystem erzeugt wird, sparen Sie ein!<br \/>\nAu\u00dferdem: Sie verkaufen Ihr altes Auto doch auch meist wenn es noch fahrbereit ist &#8211; und nicht erst nach einer gro\u00dfen Panne?!<\/p>\n<hr \/>\n<h2>Die &#8222;neue&#8220; Heizung<\/h2>\n<h4>W\u00e4rmepumpe<\/h4>\n<h4>St\u00fcckholz- und Pelletkessel<\/h4>\n<h4>Hygienische Warmwasserbereitung<\/h4>\n","protected":false},"excerpt":{"rendered":"<p>Der direkte Vergleich zwischen Heizung und Auto beeindruckt. Doch welche Konsequenzen ergeben sich daraus f\u00fcr Ihre Heizung? Wir haben Ihnen drei Kategorien mit jeweils verschiedenen Beispielen zusammengestellt, die Ihnen Anregungen geben k\u00f6nnen. Gern beraten wir Sie auch in einem pers\u00f6nlichen<\/p>\n","protected":false},"author":1,"featured_media":0,"parent":0,"menu_order":0,"comment_status":"closed","ping_status":"closed","template":"","meta":{"ngg_post_thumbnail":0,"footnotes":""},"class_list":["post-1107","page","type-page","status-publish","hentry"],"_links":{"self":[{"href":"https:\/\/www.solar-energie-boden.de\/index.php?rest_route=\/wp\/v2\/pages\/1107","targetHints":{"allow":["GET"]}}],"collection":[{"href":"https:\/\/www.solar-energie-boden.de\/index.php?rest_route=\/wp\/v2\/pages"}],"about":[{"href":"https:\/\/www.solar-energie-boden.de\/index.php?rest_route=\/wp\/v2\/types\/page"}],"author":[{"embeddable":true,"href":"https:\/\/www.solar-energie-boden.de\/index.php?rest_route=\/wp\/v2\/users\/1"}],"replies":[{"embeddable":true,"href":"https:\/\/www.solar-energie-boden.de\/index.php?rest_route=%2Fwp%2Fv2%2Fcomments&post=1107"}],"version-history":[{"count":0,"href":"https:\/\/www.solar-energie-boden.de\/index.php?rest_route=\/wp\/v2\/pages\/1107\/revisions"}],"wp:attachment":[{"href":"https:\/\/www.solar-energie-boden.de\/index.php?rest_route=%2Fwp%2Fv2%2Fmedia&parent=1107"}],"curies":[{"name":"wp","href":"https:\/\/api.w.org\/{rel}","templated":true}]}}