{"id":115,"date":"2011-01-16T19:43:45","date_gmt":"2011-01-16T19:43:45","guid":{"rendered":"http:\/\/solar-energie-boden.de\/wordpress\/?page_id=115"},"modified":"2011-01-16T19:43:45","modified_gmt":"2011-01-16T19:43:45","slug":"leistungs-abc","status":"publish","type":"page","link":"https:\/\/www.solar-energie-boden.de\/?page_id=115","title":{"rendered":"Leistungs-ABC"},"content":{"rendered":"<p>Kompetenz von A bis Z:<\/p>\n<ul>\n<li>Alternative Energiesysteme<\/li>\n<li>Anlagenwartung<\/li>\n<li>Betreuung bei Eigenmontage<\/li>\n<li>Blockheizkraftwerk BHKW<\/li>\n<li>DIMPLEX &#8211; Partner<\/li>\n<li>Elektro-Installation und Elektroger\u00e4te (Haushalt und Gewerbe)<\/li>\n<li>Energieberatung (Neu-Anlagen, Anlagen-Sanierung, Niedrigenergiehaus)<\/li>\n<li>envia M &#8211; Marktpartner<\/li>\n<li>Fu\u00dfbodenheizungen<\/li>\n<li>GRAMMER &#8211; Premium-Partner (Solar-Luft-Kollektoren)<\/li>\n<li>Heizleisten (VARIOTHERM)<\/li>\n<li>Heizungsanlagen aller Art (Neuanlagen, Anlagenmodernisierung sowie Umstellung)<\/li>\n<li>K\u00fchl- und W\u00e4rmew\u00e4nde<\/li>\n<li>Kundendienst<\/li>\n<li>L\u00fcftungsanlagen<\/li>\n<li>Mehlsilo-Service<\/li>\n<li>Planung s\u00e4mtlicher Anlagen<\/li>\n<li>Regelungstechnik, innovativ und frei programmierbar<\/li>\n<li>Servicepartner f\u00fcr Pelletheizungen<\/li>\n<li>S\u00e4chsischer Energiepass<\/li>\n<li>Servicepartner f\u00fcr B\u00e4ckereien (Elektro-, Steuer- und Silotechnik, W\u00e4rmer\u00fcckgewinnung)<\/li>\n<li>Servicepartner f\u00fcr Elektro und Heizung<\/li>\n<li>Servicepartner f\u00fcr W\u00e4rmepumpen<\/li>\n<li>Solaranlagen aller Art:<\/li>\n<li>Solaranlagen zur Warmwasserbereitung und Heizungsunterst\u00fctzung\n<ul>\n<li>Solar-Luftanlagen<\/li>\n<li>Solar-Schwimmbadheizung<\/li>\n<li>Photovoltaik-Anlagen zur Stromerzeugung f\u00fcr Netzeinspeisung und Inselanlagen<\/li>\n<\/ul>\n<\/li>\n<li>VARIOTHERM-Partner<\/li>\n<li>Partner im Kompetenzcenter Photovoltaik<\/li>\n<li>Verkauf von Solarartikeln<\/li>\n<li>Wandheizungen<\/li>\n<li>Wartung &amp; Service<\/li>\n<li>W\u00e4rmepumpenanlagen<\/li>\n<li>W\u00e4rmepumpen-Kundendienst<\/li>\n<li>W\u00e4rmer\u00fcckgewinnung in Haustechnik (kontrollierte Wohnrauml\u00fcftung) und Gewerbe<\/li>\n<li>Zukunftsorientierte Heizsysteme<\/li>\n<\/ul>\n<p>&#8230;und vieles mehr<\/p>\n","protected":false},"excerpt":{"rendered":"<p>Kompetenz von A bis Z: Alternative Energiesysteme Anlagenwartung Betreuung bei Eigenmontage Blockheizkraftwerk BHKW DIMPLEX &#8211; Partner Elektro-Installation und Elektroger\u00e4te (Haushalt und Gewerbe) Energieberatung (Neu-Anlagen, Anlagen-Sanierung, Niedrigenergiehaus) envia M &#8211; Marktpartner Fu\u00dfbodenheizungen GRAMMER &#8211; Premium-Partner (Solar-Luft-Kollektoren) Heizleisten (VARIOTHERM) Heizungsanlagen aller Art<\/p>\n","protected":false},"author":1,"featured_media":0,"parent":57,"menu_order":0,"comment_status":"open","ping_status":"open","template":"","meta":{"ngg_post_thumbnail":0,"footnotes":""},"class_list":["post-115","page","type-page","status-publish","hentry"],"_links":{"self":[{"href":"https:\/\/www.solar-energie-boden.de\/index.php?rest_route=\/wp\/v2\/pages\/115","targetHints":{"allow":["GET"]}}],"collection":[{"href":"https:\/\/www.solar-energie-boden.de\/index.php?rest_route=\/wp\/v2\/pages"}],"about":[{"href":"https:\/\/www.solar-energie-boden.de\/index.php?rest_route=\/wp\/v2\/types\/page"}],"author":[{"embeddable":true,"href":"https:\/\/www.solar-energie-boden.de\/index.php?rest_route=\/wp\/v2\/users\/1"}],"replies":[{"embeddable":true,"href":"https:\/\/www.solar-energie-boden.de\/index.php?rest_route=%2Fwp%2Fv2%2Fcomments&post=115"}],"version-history":[{"count":0,"href":"https:\/\/www.solar-energie-boden.de\/index.php?rest_route=\/wp\/v2\/pages\/115\/revisions"}],"up":[{"embeddable":true,"href":"https:\/\/www.solar-energie-boden.de\/index.php?rest_route=\/wp\/v2\/pages\/57"}],"wp:attachment":[{"href":"https:\/\/www.solar-energie-boden.de\/index.php?rest_route=%2Fwp%2Fv2%2Fmedia&parent=115"}],"curies":[{"name":"wp","href":"https:\/\/api.w.org\/{rel}","templated":true}]}}