{"id":119,"date":"2011-01-16T19:44:48","date_gmt":"2011-01-16T17:44:48","guid":{"rendered":"http:\/\/solar-energie-boden.de\/wordpress\/?page_id=119"},"modified":"2012-10-03T23:22:31","modified_gmt":"2012-10-03T21:22:31","slug":"photovoltaik","status":"publish","type":"page","link":"https:\/\/www.solar-energie-boden.de\/?page_id=119","title":{"rendered":"Photovoltaik"},"content":{"rendered":"<p><a href=\"http:\/\/solar-energie-boden.de\/wp-content\/uploads\/2011\/11\/STA46728_k.jpg\"><img loading=\"lazy\" decoding=\"async\" class=\"alignright size-thumbnail wp-image-712\" title=\"STA46728_k\" src=\"http:\/\/solar-energie-boden.de\/wp-content\/uploads\/2011\/11\/STA46728_k-150x150.jpg\" alt=\"\" width=\"150\" height=\"150\" \/><\/a><strong>Bezahlen Sie noch f\u00fcr Ihren Strom?<\/strong><br \/>\nMithilfe einer Photovoltaik-Anlage k\u00f6nnen Sie Ihre Stromkosten drastisch senken, in einigen F\u00e4llen sogar ganz kompensieren. Durch den Eigenverbrauch des erzeugten Solarstroms sparen Sie sich den Bezug des &#8222;teuren&#8220; Stroms vom Stromversorger. Den \u00dcbersch\u00fcssigen Strom speisen Sie dann in das \u00f6ffentliche Netz ein und bekommen ihn mit einem f\u00fcr 20 Jahre festgesetzten Verg\u00fctungssatz bezahlt.<\/p>\n<p><a href=\"http:\/\/solar-energie-boden.de\/wp-content\/uploads\/2012\/10\/Zaehlerschaltbild.jpg\"><img loading=\"lazy\" decoding=\"async\" class=\"size-medium wp-image-1137 alignleft\" title=\"Zaehlerschaltbild\" src=\"http:\/\/solar-energie-boden.de\/wp-content\/uploads\/2012\/10\/Zaehlerschaltbild-300x291.jpg\" alt=\"\" width=\"300\" height=\"291\" srcset=\"https:\/\/www.solar-energie-boden.de\/wp-content\/uploads\/2012\/10\/Zaehlerschaltbild-300x291.jpg 300w, https:\/\/www.solar-energie-boden.de\/wp-content\/uploads\/2012\/10\/Zaehlerschaltbild-150x145.jpg 150w, https:\/\/www.solar-energie-boden.de\/wp-content\/uploads\/2012\/10\/Zaehlerschaltbild-400x389.jpg 400w, https:\/\/www.solar-energie-boden.de\/wp-content\/uploads\/2012\/10\/Zaehlerschaltbild.jpg 768w\" sizes=\"auto, (max-width: 300px) 100vw, 300px\" \/><\/a>Als angehender Stromerzeuger sollten Sie auch einige Grundlagen kennen. <strong><\/strong><br \/>\nWie also wird Ihr Strom \u00fcberhaupt erzeugt? Die von den Solarmodulen erzeugte Gleichspannung wird mithilfe eines Wechselrichters in Wechselspannung umgewandelt, die zun\u00e4chst in das Hausnetz eingespeist wird. \u00dcbersch\u00fcssiger Strom wird in das \u00f6ffentliche Netz durchgeleitet. Der eingespeisten Strom wird Ihnen dann von Ihrem Energieversorger verg\u00fctet.<\/p>\n<p>Nun w\u00fcrden sie gern Kraftwerksbetreiber werden, doch eine einzige Frage plagt Sie noch:<br \/>\n<strong>&#8222;Wer soll das bezahlen?&#8220;<\/strong><br \/>\nKein Problem. Einige Banken nehmen bei der Vergabe des Kredits sogar Ihre Anlage als Sicherheit &#8211; ohne finanzielles Risiko f\u00fcr Sie. Au\u00dferdem k\u00f6nnen Sie durch das Erbringen von Eigenleistungen oder das Einbringen von Eigenkapital die Amortisationszeit (Zeitspanne, ab der die Anlage Gewinne einf\u00e4hrt) der Anlage erheblich verk\u00fcrzen. Wenn Sie dann als Anlagenbetreiber sogar noch Gewerbe anmelden (&#8222;Stromerzeugung Otto Normal&#8220;) sparen Sie auch noch die Mehrwertsteuer ein!<\/p>\n<p>&#8211; Worauf warten Sie noch? &#8211;<\/p>\n<p><a href=\"https:\/\/www.solar-energie-boden.de\/?page_id=49\" target=\"_self\">Referenzen Photovoltaik<\/a><\/p>\n","protected":false},"excerpt":{"rendered":"<p>Bezahlen Sie noch f\u00fcr Ihren Strom? Mithilfe einer Photovoltaik-Anlage k\u00f6nnen Sie Ihre Stromkosten drastisch senken, in einigen F\u00e4llen sogar ganz kompensieren. Durch den Eigenverbrauch des erzeugten Solarstroms sparen Sie sich den Bezug des &#8222;teuren&#8220; Stroms vom Stromversorger. Den \u00dcbersch\u00fcssigen Strom<\/p>\n","protected":false},"author":1,"featured_media":0,"parent":878,"menu_order":0,"comment_status":"closed","ping_status":"closed","template":"","meta":{"ngg_post_thumbnail":0,"footnotes":""},"class_list":["post-119","page","type-page","status-publish","hentry"],"_links":{"self":[{"href":"https:\/\/www.solar-energie-boden.de\/index.php?rest_route=\/wp\/v2\/pages\/119","targetHints":{"allow":["GET"]}}],"collection":[{"href":"https:\/\/www.solar-energie-boden.de\/index.php?rest_route=\/wp\/v2\/pages"}],"about":[{"href":"https:\/\/www.solar-energie-boden.de\/index.php?rest_route=\/wp\/v2\/types\/page"}],"author":[{"embeddable":true,"href":"https:\/\/www.solar-energie-boden.de\/index.php?rest_route=\/wp\/v2\/users\/1"}],"replies":[{"embeddable":true,"href":"https:\/\/www.solar-energie-boden.de\/index.php?rest_route=%2Fwp%2Fv2%2Fcomments&post=119"}],"version-history":[{"count":0,"href":"https:\/\/www.solar-energie-boden.de\/index.php?rest_route=\/wp\/v2\/pages\/119\/revisions"}],"up":[{"embeddable":true,"href":"https:\/\/www.solar-energie-boden.de\/index.php?rest_route=\/wp\/v2\/pages\/878"}],"wp:attachment":[{"href":"https:\/\/www.solar-energie-boden.de\/index.php?rest_route=%2Fwp%2Fv2%2Fmedia&parent=119"}],"curies":[{"name":"wp","href":"https:\/\/api.w.org\/{rel}","templated":true}]}}