{"id":125,"date":"2011-01-16T19:46:11","date_gmt":"2011-01-16T17:46:11","guid":{"rendered":"http:\/\/solar-energie-boden.de\/wordpress\/?page_id=125"},"modified":"2012-10-08T11:54:58","modified_gmt":"2012-10-08T09:54:58","slug":"solar-luft","status":"publish","type":"page","link":"https:\/\/www.solar-energie-boden.de\/?page_id=125","title":{"rendered":"Solar-Luft"},"content":{"rendered":"<p><strong>Heizen und L\u00fcften mit der Sonne &#8211; macht das Sinn?<\/strong><br \/>\nDer sogenannte &#8222;Solar-Luft-Kollektor&#8220; \u00e4hnelt einem normalen Solarkollektor. Der Hauptunterschied: Luft str\u00f6mt statt dem Wasser durch den Kollektor und transportiert die W\u00e4rme.<\/p>\n<p><a href=\"http:\/\/solar-energie-boden.de\/wp-content\/uploads\/2012\/10\/Twinsolar_Schnitt.jpg\"><img loading=\"lazy\" decoding=\"async\" class=\"aligncenter size-large wp-image-1147\" title=\"Twinsolar_Schnitt\" src=\"http:\/\/solar-energie-boden.de\/wp-content\/uploads\/2012\/10\/Twinsolar_Schnitt-1024x596.jpg\" alt=\"\" width=\"640\" height=\"372\" srcset=\"https:\/\/www.solar-energie-boden.de\/wp-content\/uploads\/2012\/10\/Twinsolar_Schnitt-1024x596.jpg 1024w, https:\/\/www.solar-energie-boden.de\/wp-content\/uploads\/2012\/10\/Twinsolar_Schnitt-300x174.jpg 300w, https:\/\/www.solar-energie-boden.de\/wp-content\/uploads\/2012\/10\/Twinsolar_Schnitt-150x87.jpg 150w, https:\/\/www.solar-energie-boden.de\/wp-content\/uploads\/2012\/10\/Twinsolar_Schnitt-400x233.jpg 400w\" sizes=\"auto, (max-width: 640px) 100vw, 640px\" \/><\/a><\/p>\n<p>Wenn Sie mit einem Solar-Luftkollektor Ihr Geb\u00e4ude beheizen, \u00fcbertragen Sie die <strong>Sonnenw\u00e4rme direkt in die R\u00e4ume<\/strong>. Ohne Umwege durch das Heizsystem. Und die \u00fcbersch\u00fcssige W\u00e4rme, die vor allem im Sommer anf\u00e4llt, nutzen Sie ganz einfach zur Warmwasser-Erw\u00e4rmung!<br \/>\nDas Solar-Luft-System eignet sich neben dem klassischen <span style=\"text-decoration: underline;\">Wohnhaus<\/span> besonders f\u00fcr zwei Spezialf\u00e4lle: Kleine <span style=\"text-decoration: underline;\">Bungalows und Wochenendh\u00e4user<\/span>, die dadurch automatisch bel\u00fcftet und geheizt werden. Und <span style=\"text-decoration: underline;\">gro\u00dfe R\u00e4ume, Hallen und Werkst\u00e4tten<\/span>, die durch die warme Luft direkt geheizt werden k\u00f6nnen.<\/p>\n<p>Darum: Heizen und L\u00fcften mit der Sonne &#8211; eine sinnvolle Alternative!<\/p>\n<p><a class=\"shutterset_\" href=\"http:\/\/solar-energie-boden.de\/wp-content\/gallery\/ref_sl_10\/pa040005.jpg\"><img loading=\"lazy\" decoding=\"async\" class=\"ngg-singlepic ngg-none alignleft\" src=\"http:\/\/solar-energie-boden.de\/wp-content\/gallery\/ref_sl_10\/thumbs\/thumbs_pa040005.jpg\" width=\"100\" height=\"75\" \/><\/a><a class=\"shutterset_\" href=\"http:\/\/solar-energie-boden.de\/wp-content\/gallery\/ref_sl_1\/p1060949.jpg\"><img loading=\"lazy\" decoding=\"async\" class=\"ngg-singlepic ngg-none alignleft\" src=\"http:\/\/solar-energie-boden.de\/wp-content\/gallery\/ref_sl_1\/thumbs\/thumbs_p1060949.jpg\" width=\"100\" height=\"75\" \/><\/a><a class=\"shutterset_\" href=\"http:\/\/solar-energie-boden.de\/wp-content\/gallery\/ref_sl_5\/p1030115a.jpg\"><img loading=\"lazy\" decoding=\"async\" class=\"ngg-singlepic ngg-none alignleft\" src=\"http:\/\/solar-energie-boden.de\/wp-content\/gallery\/ref_sl_5\/thumbs\/thumbs_p1030115a.jpg\" width=\"100\" height=\"75\" \/><\/a><a class=\"shutterset_\" href=\"http:\/\/solar-energie-boden.de\/wp-content\/gallery\/ref_sl_6\/dscn3643.jpg\"><img loading=\"lazy\" decoding=\"async\" class=\"ngg-singlepic ngg-none alignleft\" src=\"http:\/\/solar-energie-boden.de\/wp-content\/gallery\/ref_sl_6\/thumbs\/thumbs_dscn3643.jpg\" width=\"100\" height=\"75\" \/><\/a><a class=\"shutterset_\" href=\"http:\/\/solar-energie-boden.de\/wp-content\/gallery\/ref_sl_9\/p1000273.jpg\"><img loading=\"lazy\" decoding=\"async\" class=\"ngg-singlepic ngg-none alignleft\" src=\"http:\/\/solar-energie-boden.de\/wp-content\/gallery\/ref_sl_9\/thumbs\/thumbs_p1000273.jpg\" width=\"100\" height=\"75\" \/><\/a><\/p>\n<p>&nbsp;<br \/>\n&nbsp;<br \/>\n&nbsp;<br \/>\n&nbsp;<br \/>\n&nbsp;<br \/>\n&nbsp;<br \/>\nWeitere <!--intlink:47:Referenzen Solar-Luft--><\/p>\n","protected":false},"excerpt":{"rendered":"<p>Heizen und L\u00fcften mit der Sonne &#8211; macht das Sinn? Der sogenannte &#8222;Solar-Luft-Kollektor&#8220; \u00e4hnelt einem normalen Solarkollektor. Der Hauptunterschied: Luft str\u00f6mt statt dem Wasser durch den Kollektor und transportiert die W\u00e4rme. Wenn Sie mit einem Solar-Luftkollektor Ihr Geb\u00e4ude beheizen, \u00fcbertragen<\/p>\n","protected":false},"author":1,"featured_media":0,"parent":878,"menu_order":0,"comment_status":"open","ping_status":"closed","template":"","meta":{"ngg_post_thumbnail":0,"footnotes":""},"class_list":["post-125","page","type-page","status-publish","hentry"],"_links":{"self":[{"href":"https:\/\/www.solar-energie-boden.de\/index.php?rest_route=\/wp\/v2\/pages\/125","targetHints":{"allow":["GET"]}}],"collection":[{"href":"https:\/\/www.solar-energie-boden.de\/index.php?rest_route=\/wp\/v2\/pages"}],"about":[{"href":"https:\/\/www.solar-energie-boden.de\/index.php?rest_route=\/wp\/v2\/types\/page"}],"author":[{"embeddable":true,"href":"https:\/\/www.solar-energie-boden.de\/index.php?rest_route=\/wp\/v2\/users\/1"}],"replies":[{"embeddable":true,"href":"https:\/\/www.solar-energie-boden.de\/index.php?rest_route=%2Fwp%2Fv2%2Fcomments&post=125"}],"version-history":[{"count":0,"href":"https:\/\/www.solar-energie-boden.de\/index.php?rest_route=\/wp\/v2\/pages\/125\/revisions"}],"up":[{"embeddable":true,"href":"https:\/\/www.solar-energie-boden.de\/index.php?rest_route=\/wp\/v2\/pages\/878"}],"wp:attachment":[{"href":"https:\/\/www.solar-energie-boden.de\/index.php?rest_route=%2Fwp%2Fv2%2Fmedia&parent=125"}],"curies":[{"name":"wp","href":"https:\/\/api.w.org\/{rel}","templated":true}]}}