{"id":133,"date":"2011-01-16T19:50:34","date_gmt":"2011-01-16T17:50:34","guid":{"rendered":"http:\/\/solar-energie-boden.de\/wordpress\/?page_id=133"},"modified":"2013-08-15T11:35:43","modified_gmt":"2013-08-15T09:35:43","slug":"warmepumpe","status":"publish","type":"page","link":"https:\/\/www.solar-energie-boden.de\/?page_id=133","title":{"rendered":"W\u00e4rmepumpe"},"content":{"rendered":"<p>Sie suchen ein regeneratives Heizsystem, mit dem Sie viel Geld einsparen und trotzdem ganzj\u00e4hrig den W\u00e4rmebedarf Ihres Hauses decken k\u00f6nnen? Lassen Sie sich doch die W\u00e4rmepumpe vorstellen!<\/p>\n<p>Vom Funktionsprinzip her ist die W\u00e4rmepumpe mit einem K\u00fchlschrank vergleichbar. Der K\u00e4ltekreislauf entzieht einem Medium W\u00e4rme und f\u00fchrt diese ab. Beim K\u00fchlschrank nutzt man die entstehende K\u00e4lte. Bei der W\u00e4rmepumpe dagegen wird die entstehende W\u00e4rme zum Heizen oder zur Erw\u00e4rmung von Warmwasser verwendet.<br \/>\nDoch W\u00e4rmepumpe ist nicht gleich W\u00e4rmepumpe. Man unterscheidet zwischen drei Hauptenergiequellen, aus denen die W\u00e4rmepumpe W\u00e4rme nutzbar macht: Luft, Erde und Wasser.<\/p>\n<p><strong>Luft-Wasser-W\u00e4rmepumpen<\/strong> sind am einfachsten aufzustellen. Sie nutzen die vorhandene Au\u00dfenluft als W\u00e4rmequelle. Dieser entziehen Sie sogar noch weit unterhalb des Gefrierpunktes W\u00e4rme und erreichen einen Deckungsgrad von \u00fcber 98 Prozent. Sollte die Leistung der W\u00e4rmepumpe doch einmal nicht ausreichen, hilft ein Elektroheizstab nach.<br \/>\n<strong>Sole-Wasser-W\u00e4rmepumpen<\/strong> entziehen der Erde die gespeicherte W\u00e4rme. Dazu ist entweder eine Erdsonde oder ein Fl\u00e4chen-Erdkollektor notwendig. So sind Sie ganzj\u00e4hrig unabh\u00e4ngig.<br \/>\n<strong>Wasser-Wasser-W\u00e4rmepumpen<\/strong> nutzen Wasser als W\u00e4rmequelle. Aus dem F\u00f6rderbrunnen wird Grundwasser entnommen und nach dem Entzug der W\u00e4rme \u00fcber den Schluckbrunnen wieder der Erde zugef\u00fchrt.<\/p>\n<p>Die W\u00e4rmepumpen sind dank jahrelanger Entwicklung heute hocheffiziente &#8222;W\u00e4rme\u00fcbertrager&#8220;. Sie produzieren ja selbst keine W\u00e4rme, sonder \u00fcbertragen diese nur von der W\u00e4rmequelle in Ihr Heizsystem. Dabei verbraucht die W\u00e4rmepumpe auch Strom. Doch Sie vervielfacht die eingesetzte Energie und erreicht dadurch ihre un\u00fcbertroffene Effizienz. So kann eine W\u00e4rmepumpe (je nach Typ) aus 1 Kilowattstunde (kWh) Strom bis zu 5 kWh W\u00e4rme abgeben.<\/p>\n<p>Zum Vergleich: Ein \u00d6l- oder Gaskessel schluckt 1 kWh chemischer Energie in Form von \u00d6l bzw. Gas und setzt durch Verbrennung ca. 0,9 kWh W\u00e4rme frei, von der ein Teil noch als Abgasw\u00e4rme ungenutzt entweicht<br \/>\nF\u00fcr alle k\u00fchlen Rechner, die beim Heizen und Warmwasser-Erw\u00e4rmen sparen m\u00f6chten ist die W\u00e4rmepumpe also genau richtig! Schon nach kurzer Zeit zahlt sich die Anschaffung aus und Sie sparen bares Geld.<\/p>\n<p>Wollen Sie sich das entgehen lassen?!<\/p>\n<p><!--intlink:86:Referenzen W\u00e4rmepumpe--><\/p>\n","protected":false},"excerpt":{"rendered":"<p>Sie suchen ein regeneratives Heizsystem, mit dem Sie viel Geld einsparen und trotzdem ganzj\u00e4hrig den W\u00e4rmebedarf Ihres Hauses decken k\u00f6nnen? Lassen Sie sich doch die W\u00e4rmepumpe vorstellen! Vom Funktionsprinzip her ist die W\u00e4rmepumpe mit einem K\u00fchlschrank vergleichbar. Der K\u00e4ltekreislauf entzieht<\/p>\n","protected":false},"author":1,"featured_media":0,"parent":878,"menu_order":0,"comment_status":"open","ping_status":"closed","template":"","meta":{"ngg_post_thumbnail":0,"footnotes":""},"class_list":["post-133","page","type-page","status-publish","hentry"],"_links":{"self":[{"href":"https:\/\/www.solar-energie-boden.de\/index.php?rest_route=\/wp\/v2\/pages\/133","targetHints":{"allow":["GET"]}}],"collection":[{"href":"https:\/\/www.solar-energie-boden.de\/index.php?rest_route=\/wp\/v2\/pages"}],"about":[{"href":"https:\/\/www.solar-energie-boden.de\/index.php?rest_route=\/wp\/v2\/types\/page"}],"author":[{"embeddable":true,"href":"https:\/\/www.solar-energie-boden.de\/index.php?rest_route=\/wp\/v2\/users\/1"}],"replies":[{"embeddable":true,"href":"https:\/\/www.solar-energie-boden.de\/index.php?rest_route=%2Fwp%2Fv2%2Fcomments&post=133"}],"version-history":[{"count":0,"href":"https:\/\/www.solar-energie-boden.de\/index.php?rest_route=\/wp\/v2\/pages\/133\/revisions"}],"up":[{"embeddable":true,"href":"https:\/\/www.solar-energie-boden.de\/index.php?rest_route=\/wp\/v2\/pages\/878"}],"wp:attachment":[{"href":"https:\/\/www.solar-energie-boden.de\/index.php?rest_route=%2Fwp%2Fv2%2Fmedia&parent=133"}],"curies":[{"name":"wp","href":"https:\/\/api.w.org\/{rel}","templated":true}]}}