{"id":158,"date":"2011-01-17T10:16:59","date_gmt":"2011-01-17T10:16:59","guid":{"rendered":"http:\/\/solar-energie-boden.de\/wordpress\/?page_id=158"},"modified":"2015-03-05T23:16:48","modified_gmt":"2015-03-05T21:16:48","slug":"dachfenster-luftungssystem","status":"publish","type":"page","link":"https:\/\/www.solar-energie-boden.de\/?page_id=158","title":{"rendered":"Dachfenster-L\u00fcftungssystem"},"content":{"rendered":"<p><strong>K\u00fchler Kopf und Gute Aussicht<\/strong><br \/>\nOft verbindet man mit Dachwohnungen neben einer herrlichen Aussicht auch unangenehm hohe Temperaturen im Sommer. Doch Letztere geh\u00f6ren nun der Vergangenheit an.<\/p>\n<p>Eine Neuentwicklung aus dem wests\u00e4chsischen M\u00fclsen schafft mehr Frische im Sommer: das dachfensterintegrierte Solar-L\u00fcftungssystem. Dieses durchdachte Konzept beruht auf der kontinuierlichen Entl\u00fcftung der R\u00e4ume. Dadurch wird ein Aufheizen vermieden und stets f\u00fcr Frischluft gesorgt. Messungen best\u00e4tigten eine K\u00fchlleistung von bis zu 5 Kelvin, also zum Beispiel von 31\u00b0C auf bis zu 26\u00b0C! Das System selbst funktioniert autark und ben\u00f6tigt keine Zuleitungen. Der Strom f\u00fcr die L\u00fcfter wird von Solarmodulen geliefert, die au\u00dfen auf dem Fenster montiert werden. Eine Anlaufelektronik erm\u00f6glicht das leistungsabh\u00e4ngig versetzte Zuschalten der L\u00fcfter, sodass selbst bei schlechter Sonneneinstrahlung noch eine ausreichende L\u00fcftung erfolgen kann.<\/p>\n<p>Durch den Einbau in die vorhanden L\u00fcftungs\u00f6ffnung ergeben sich keine Einschr\u00e4nkungen in der Nutzung des Dachfensters. Au\u00dferdem wird durch die Entl\u00fcftung der R\u00e4ume eine zu hohe Luftfeuchtigkeit vermieden und damit das Raumklima sp\u00fcrbar verbessert. Dies best\u00e4tigten bereits zahlreiche Anwender des Systems.<\/p>\n<p>Die durch ein Gebrauchsmuster gesch\u00fctzte Neuheit l\u00e4sst sich bei fast jedem VELUX\u00ae-Fenster kosteng\u00fcnstig selbst nachr\u00fcsten.<\/p>\n<p>Das Lizenzrecht f\u00fcr dieses Produkt obliegt der Firma Solar- und Energiesparsysteme Matthias Boden, M\u00fclsen.<\/p>\n<p><span style=\"color: #800000;\">Seit Mai 2011 gibt es bereits die<\/span> <span style=\"color: #800000;\">2. Generation des Dachfenster-L\u00fcftungssystems mit verbesserten Eigenschaften!<\/span> Unter anderem wurde die Anlaufelektronik komplett neu entwickelt und arbeitet nun in einem optimaleren Bereich, die Befestigung der L\u00fcftereinheit wurde revolutioniert (&#8222;Magnetbefestigung&#8220;) und das Geh\u00e4use auf hochwertige und langlebige Aluminium-Fr\u00e4steile umgestellt.<\/p>\n<hr \/>\n<p><strong>Weitere Infos zum Download:<\/strong><br \/>\n[download category=&#8220;3&#8243;]<\/p>\n","protected":false},"excerpt":{"rendered":"<p>K\u00fchler Kopf und Gute Aussicht Oft verbindet man mit Dachwohnungen neben einer herrlichen Aussicht auch unangenehm hohe Temperaturen im Sommer. Doch Letztere geh\u00f6ren nun der Vergangenheit an. Eine Neuentwicklung aus dem wests\u00e4chsischen M\u00fclsen schafft mehr Frische im Sommer: das dachfensterintegrierte<\/p>\n","protected":false},"author":1,"featured_media":0,"parent":878,"menu_order":0,"comment_status":"open","ping_status":"open","template":"","meta":{"ngg_post_thumbnail":0,"footnotes":""},"class_list":["post-158","page","type-page","status-publish","hentry"],"_links":{"self":[{"href":"https:\/\/www.solar-energie-boden.de\/index.php?rest_route=\/wp\/v2\/pages\/158","targetHints":{"allow":["GET"]}}],"collection":[{"href":"https:\/\/www.solar-energie-boden.de\/index.php?rest_route=\/wp\/v2\/pages"}],"about":[{"href":"https:\/\/www.solar-energie-boden.de\/index.php?rest_route=\/wp\/v2\/types\/page"}],"author":[{"embeddable":true,"href":"https:\/\/www.solar-energie-boden.de\/index.php?rest_route=\/wp\/v2\/users\/1"}],"replies":[{"embeddable":true,"href":"https:\/\/www.solar-energie-boden.de\/index.php?rest_route=%2Fwp%2Fv2%2Fcomments&post=158"}],"version-history":[{"count":0,"href":"https:\/\/www.solar-energie-boden.de\/index.php?rest_route=\/wp\/v2\/pages\/158\/revisions"}],"up":[{"embeddable":true,"href":"https:\/\/www.solar-energie-boden.de\/index.php?rest_route=\/wp\/v2\/pages\/878"}],"wp:attachment":[{"href":"https:\/\/www.solar-energie-boden.de\/index.php?rest_route=%2Fwp%2Fv2%2Fmedia&parent=158"}],"curies":[{"name":"wp","href":"https:\/\/api.w.org\/{rel}","templated":true}]}}