{"id":49,"date":"2011-01-15T17:48:30","date_gmt":"2011-01-15T17:48:30","guid":{"rendered":"http:\/\/solar-energie-boden.de\/wordpress\/?page_id=49"},"modified":"2012-09-13T19:25:12","modified_gmt":"2012-09-13T17:25:12","slug":"photovoltaik","status":"publish","type":"page","link":"https:\/\/www.solar-energie-boden.de\/?page_id=49","title":{"rendered":"Referenzen Photovoltaik"},"content":{"rendered":"<p>Hier erhalten Sie einen kleinen Einblick in unser Referenzalbum.<\/p>\n<p><em>Mit einem Klick auf das Vorschaubild \u00f6ffnet sich die Galerie, \u00fcber die Pfeile k\u00f6nnen Sie vor und zur\u00fcck navigieren. Mit einem Klick auf das Bild k\u00f6nnen Sie die Galerie schlie\u00dfen.<\/em><\/p>\n<hr \/>\n<h3>Wohnhaus in Thonhausen (5,16 kWp)<\/h3>\nngg_shortcode_0_placeholder\n<hr \/>\n<h3>Nebengeb\u00e4ude in Beierfeld (ges. 10,73 kWp)<\/h3>\n<p>Zwei Teilanlagen (Ost-West-Anlage)<br \/>\nngg_shortcode_1_placeholder<\/p>\n<hr \/>\n<h3>Mietobjekt in Oelsnitz (9,83 kWp)<\/h3>\nngg_shortcode_2_placeholder\n<hr \/>\n<h3>Wohnhaus in Kleinschirma (4,68 kWp)<\/h3>\nngg_shortcode_3_placeholder\n<hr \/>\n<h3>Fachwerkhaus in Gera (4,7 kWp)<\/h3>\nngg_shortcode_4_placeholder\n<hr \/>\n<h3>Wohnhaus in Helbra (1,75 kWp)<\/h3>\n<p>Modulfl\u00e4che als \u00dcberdachung und Verschattung<br \/>\nngg_shortcode_5_placeholder<\/p>\n<hr \/>\n<h3>Scheune in M\u00fclsen (11,52 kWp)<\/h3>\nngg_shortcode_6_placeholder\n<hr \/>\n<h3>Wohnhaus in Penig (8,16 kWp)<\/h3>\n<p>Realisierung der Anlage in zwei Abschnitten (Erweiterung nach einem Jahr)<br \/>\nngg_shortcode_7_placeholder<\/p>\n<hr \/>\n<h3>Landwirtschaftl. Nutzgeb\u00e4ude in Langenbernsdorf (26,18 kWp)<\/h3>\nngg_shortcode_8_placeholder\n<hr \/>\n<h3>Gewerbehalle in Callenberg (29,7 kWp)<\/h3>\nngg_shortcode_9_placeholder\n<hr \/>\n<h3>Schulgeb\u00e4ude in Auerbach\/V. (9,66 kWp)<\/h3>\n<p>Hybridkollektoren zur Nutzung der &#8222;Abw\u00e4rme&#8220; der Photovoltaikanlage in Kombination mit der L\u00fcftungsanlage des Schulgeb\u00e4udes<br \/>\nngg_shortcode_10_placeholder<\/p>\n","protected":false},"excerpt":{"rendered":"<p>Hier erhalten Sie einen kleinen Einblick in unser Referenzalbum. Mit einem Klick auf das Vorschaubild \u00f6ffnet sich die Galerie, \u00fcber die Pfeile k\u00f6nnen Sie vor und zur\u00fcck navigieren. Mit einem Klick auf das Bild k\u00f6nnen Sie die Galerie schlie\u00dfen. Wohnhaus<\/p>\n","protected":false},"author":1,"featured_media":0,"parent":45,"menu_order":0,"comment_status":"closed","ping_status":"closed","template":"","meta":{"ngg_post_thumbnail":0,"footnotes":""},"class_list":["post-49","page","type-page","status-publish","hentry"],"_links":{"self":[{"href":"https:\/\/www.solar-energie-boden.de\/index.php?rest_route=\/wp\/v2\/pages\/49","targetHints":{"allow":["GET"]}}],"collection":[{"href":"https:\/\/www.solar-energie-boden.de\/index.php?rest_route=\/wp\/v2\/pages"}],"about":[{"href":"https:\/\/www.solar-energie-boden.de\/index.php?rest_route=\/wp\/v2\/types\/page"}],"author":[{"embeddable":true,"href":"https:\/\/www.solar-energie-boden.de\/index.php?rest_route=\/wp\/v2\/users\/1"}],"replies":[{"embeddable":true,"href":"https:\/\/www.solar-energie-boden.de\/index.php?rest_route=%2Fwp%2Fv2%2Fcomments&post=49"}],"version-history":[{"count":0,"href":"https:\/\/www.solar-energie-boden.de\/index.php?rest_route=\/wp\/v2\/pages\/49\/revisions"}],"up":[{"embeddable":true,"href":"https:\/\/www.solar-energie-boden.de\/index.php?rest_route=\/wp\/v2\/pages\/45"}],"wp:attachment":[{"href":"https:\/\/www.solar-energie-boden.de\/index.php?rest_route=%2Fwp%2Fv2%2Fmedia&parent=49"}],"curies":[{"name":"wp","href":"https:\/\/api.w.org\/{rel}","templated":true}]}}