{"id":55,"date":"2011-01-15T20:57:20","date_gmt":"2011-01-15T20:57:20","guid":{"rendered":"http:\/\/solar-energie-boden.de\/wordpress\/?page_id=55"},"modified":"2018-10-16T13:50:58","modified_gmt":"2018-10-16T11:50:58","slug":"unternehmen","status":"publish","type":"page","link":"https:\/\/www.solar-energie-boden.de\/?page_id=55","title":{"rendered":"Unternehmen"},"content":{"rendered":"<p><strong>Wer wir sind<\/strong><br \/>\nIm Juni 1990 gr\u00fcndete der Handwerksmeister Matthias Boden mit damals drei Mitarbeitern die Firma &#8222;Solar- und Energiesparsysteme M. Boden&#8220;. In den ersten Jahren war das Aufgabenfeld haupts\u00e4chlich im Bereich Elektroinstallation, Heizungsmodernisierung und Solar angesiedelt. Bald schon wendete sich die wachsende Firma auch der Projektierung und dem Einbau von W\u00e4rmepumpen zu, was bis heute einen Hauptbereich des Unternehmens darstellt.<br \/>\nVon unserer breiten Kompetenz konnten bereits mehr als 3000 Kunden profitieren. Sie auch?!<\/p>\n<p><strong>Was wir wollen<\/strong><br \/>\nUnser Ziel ist es, die Nutzung erneuerbarer Energien zu f\u00f6rdern und deren M\u00f6glichkeiten und Vorteile breit bekannt zu machen. Wir m\u00f6chten unseren Kunden zufriedenstellende und komfortable Individual-L\u00f6sungen bieten, die nicht nur die Energiekosten senken, sondern auch die Umwelt schonen.<\/p>\n<p><strong>Was wir k\u00f6nnen<\/strong><br \/>\nDurch unsere breite Kompetenz k\u00f6nnen wir Ihnen individuelle Komplettl\u00f6sungen bieten. Dabei k\u00f6nnen Sie in vielen Bereichen der Haustechnik auf die Erfahrung unseres Unternehmens vertrauen. Von der Elektro- und Sanit\u00e4rinstallation \u00fcber die Heizung bis hin zur Regelungstechnik bieten wir Ihnen einen breiten Service.<br \/>\nWeitere Aufgabenfelder finden Sie in der Rubrik &#8222;Leistungen&#8220;.<\/p>\n","protected":false},"excerpt":{"rendered":"<p>Wer wir sind Im Juni 1990 gr\u00fcndete der Handwerksmeister Matthias Boden mit damals drei Mitarbeitern die Firma &#8222;Solar- und Energiesparsysteme M. Boden&#8220;. In den ersten Jahren war das Aufgabenfeld haupts\u00e4chlich im Bereich Elektroinstallation, Heizungsmodernisierung und Solar angesiedelt. Bald schon wendete<\/p>\n","protected":false},"author":1,"featured_media":0,"parent":0,"menu_order":2,"comment_status":"closed","ping_status":"closed","template":"","meta":{"ngg_post_thumbnail":0,"footnotes":""},"class_list":["post-55","page","type-page","status-publish","hentry"],"_links":{"self":[{"href":"https:\/\/www.solar-energie-boden.de\/index.php?rest_route=\/wp\/v2\/pages\/55","targetHints":{"allow":["GET"]}}],"collection":[{"href":"https:\/\/www.solar-energie-boden.de\/index.php?rest_route=\/wp\/v2\/pages"}],"about":[{"href":"https:\/\/www.solar-energie-boden.de\/index.php?rest_route=\/wp\/v2\/types\/page"}],"author":[{"embeddable":true,"href":"https:\/\/www.solar-energie-boden.de\/index.php?rest_route=\/wp\/v2\/users\/1"}],"replies":[{"embeddable":true,"href":"https:\/\/www.solar-energie-boden.de\/index.php?rest_route=%2Fwp%2Fv2%2Fcomments&post=55"}],"version-history":[{"count":1,"href":"https:\/\/www.solar-energie-boden.de\/index.php?rest_route=\/wp\/v2\/pages\/55\/revisions"}],"predecessor-version":[{"id":1712,"href":"https:\/\/www.solar-energie-boden.de\/index.php?rest_route=\/wp\/v2\/pages\/55\/revisions\/1712"}],"wp:attachment":[{"href":"https:\/\/www.solar-energie-boden.de\/index.php?rest_route=%2Fwp%2Fv2%2Fmedia&parent=55"}],"curies":[{"name":"wp","href":"https:\/\/api.w.org\/{rel}","templated":true}]}}