{"id":57,"date":"2011-01-15T20:57:36","date_gmt":"2011-01-15T20:57:36","guid":{"rendered":"http:\/\/solar-energie-boden.de\/wordpress\/?page_id=57"},"modified":"2011-01-15T20:57:36","modified_gmt":"2011-01-15T20:57:36","slug":"leistungen","status":"publish","type":"page","link":"https:\/\/www.solar-energie-boden.de\/?page_id=57","title":{"rendered":"Leistungen"},"content":{"rendered":"<p><span style=\"color: #ff0000;\"><strong>[W\u00e4hlen Sie Details im oberen Men\u00fc aus]<\/strong><\/span><\/p>\n<hr \/>\n<h3>Diese Technik hilft Ihnen Energiesparen!<\/h3>\n<ul>\n<li><!--intlink:117:Solarthermie--> &#8211; Zapfen Sie die Sonne an!<\/li>\n<li><!--intlink:119:Photovoltaik--> &#8211; Werden Sie Kraftwerksinhaber!<\/li>\n<li><!--intlink:125:Solar-Luft--> &#8211; Lassen Sie die Sonne l\u00fcften!<\/li>\n<li>Holzheizung &#8211; Heizen mit gespeicherter Sonnenenergie!<\/li>\n<li><!--intlink:133:W\u00e4rmepumpe--> &#8211; Nutzen Sie Ihre Umwelt!<\/li>\n<\/ul>\n<p>Sie m\u00f6chten etwas f\u00fcr die Umwelt tun oder einfach nur sparen?<br \/>\nDurch den sinnvollen Einsatz verschiedener Systeme zur Nutzung  regenerativer Energien k\u00f6nnen Sie Ihre Energiekosten erheblich senken.  Wir helfen Ihnen dabei.<\/p>\n<h3>K\u00fchler Kopf und gute Aussicht!<\/h3>\n<p>Das Dachfensterintegrierte Solar-L\u00fcftungssystem senkt im Sommer hohe  Temperaturen durch einen permanenten Luftwechsel. In der \u00dcbergangszeit  wird au\u00dferdem die Qualit\u00e4t der Raumluft sp\u00fcrbar verbessert. &rarr; <!--intlink:158:mehr--><\/p>\n<h3>Service \/ Kundendienst<\/h3>\n<p>Unser Kundendienst ist bei St\u00f6rungen an Ihrer W\u00e4rmepumpe, Solaranlage  oder Heizung 24 Stunden am Tag f\u00fcr Sie unter unserer Servicenummer  erreichbar.<br \/>\nAu\u00dferdem sind wir DIMPLEX-Werkskundendienst in den Regionen Mittel- und Westsachsen sowie Ostth\u00fcringen. &rarr; <!--intlink:62:Kontakt--><\/p>\n<h3>Energieberatung<\/h3>\n<p>Wir helfen Ihnen, Energie zu sparen. Egal ob Neubau oder Altbausanierung, Einfamilienhaus oder Gewerbeobjekt.<br \/>\nUnsere qualifizierten Energieberater erstellen auf der Basis Ihrer  Angaben genaue Berechnungen und geben Ihnen wertvolle Hinweise, wie Sie  Ihr Geb\u00e4ude energetisch optimieren k\u00f6nnen.<\/p>\n","protected":false},"excerpt":{"rendered":"<p>[W\u00e4hlen Sie Details im oberen Men\u00fc aus] Diese Technik hilft Ihnen Energiesparen! &#8211; Zapfen Sie die Sonne an! &#8211; Werden Sie Kraftwerksinhaber! &#8211; Lassen Sie die Sonne l\u00fcften! Holzheizung &#8211; Heizen mit gespeicherter Sonnenenergie! &#8211; Nutzen Sie Ihre Umwelt! Sie<\/p>\n","protected":false},"author":1,"featured_media":0,"parent":0,"menu_order":3,"comment_status":"closed","ping_status":"closed","template":"","meta":{"ngg_post_thumbnail":0,"footnotes":""},"class_list":["post-57","page","type-page","status-publish","hentry"],"_links":{"self":[{"href":"https:\/\/www.solar-energie-boden.de\/index.php?rest_route=\/wp\/v2\/pages\/57","targetHints":{"allow":["GET"]}}],"collection":[{"href":"https:\/\/www.solar-energie-boden.de\/index.php?rest_route=\/wp\/v2\/pages"}],"about":[{"href":"https:\/\/www.solar-energie-boden.de\/index.php?rest_route=\/wp\/v2\/types\/page"}],"author":[{"embeddable":true,"href":"https:\/\/www.solar-energie-boden.de\/index.php?rest_route=\/wp\/v2\/users\/1"}],"replies":[{"embeddable":true,"href":"https:\/\/www.solar-energie-boden.de\/index.php?rest_route=%2Fwp%2Fv2%2Fcomments&post=57"}],"version-history":[{"count":0,"href":"https:\/\/www.solar-energie-boden.de\/index.php?rest_route=\/wp\/v2\/pages\/57\/revisions"}],"wp:attachment":[{"href":"https:\/\/www.solar-energie-boden.de\/index.php?rest_route=%2Fwp%2Fv2%2Fmedia&parent=57"}],"curies":[{"name":"wp","href":"https:\/\/api.w.org\/{rel}","templated":true}]}}