{"id":629,"date":"2011-08-13T09:42:15","date_gmt":"2011-08-13T09:42:15","guid":{"rendered":"http:\/\/www.solar-energie-boden.de\/?page_id=629"},"modified":"2012-09-17T20:42:55","modified_gmt":"2012-09-17T18:42:55","slug":"luftung","status":"publish","type":"page","link":"https:\/\/www.solar-energie-boden.de\/?page_id=629","title":{"rendered":"L\u00fcftung"},"content":{"rendered":"<p>Wer geht nicht gern an die frische Luft?! Eine Strandwanderung am Meer oder eine Bergtour &#8211; frische Luft weckt in uns positive Empfindungen, sie tut uns gut.<\/p>\n<p>Diesen Komfort genie\u00dfen immer mehr Menschen auch in Ihrer Wohnung. Dank einer L\u00fcftungsanlage (im Idealfall mit W\u00e4rmer\u00fcckgewinnung) braucht man nicht mehr regelm\u00e4\u00dfig die Fenster \u00f6ffnen. Die L\u00fcftungsanlage sorgt ganz automatisch f\u00fcr frische Luft in den R\u00e4umen. Nicht nur Allergiker sch\u00e4tzen den Vorteil der sauberen Luft. Es wird deutlich weniger Staub in die R\u00e4ume gebracht &#8211; das freut auch jede Hausfrau&#8230;<\/p>\n<p>Was in neu errichteten Geb\u00e4uden heute fast zum Standard geh\u00f6rt, l\u00e4sst sich auch im Altbau nachr\u00fcsten. Dabei kann man verschiedene Konzepte w\u00e4hlen:<\/p>\n<ul>\n<li>dezentrale Anlagen (kein oder nur geringer Verrohrungsaufwand, aber hoher ger\u00e4tetechnischer Aufwand)<\/li>\n<li>zentrale Anlagen (ger\u00e4tetechnisch geringerer Aufwand; Verrohrung notwendig)<\/li>\n<li>Solar-Luft-Anlagen (meist Zuluft-Anlagen mit solarer Lufterw\u00e4rmung)<\/li>\n<li>kombinierte L\u00f6sungen&#8230;<\/li>\n<\/ul>\n<p>Fragen Sie uns &#8211; damit Ihnen nicht die Luft ausgeht&#8230;<\/p>\n","protected":false},"excerpt":{"rendered":"<p>Wer geht nicht gern an die frische Luft?! Eine Strandwanderung am Meer oder eine Bergtour &#8211; frische Luft weckt in uns positive Empfindungen, sie tut uns gut. Diesen Komfort genie\u00dfen immer mehr Menschen auch in Ihrer Wohnung. Dank einer L\u00fcftungsanlage<\/p>\n","protected":false},"author":1,"featured_media":0,"parent":878,"menu_order":0,"comment_status":"closed","ping_status":"closed","template":"","meta":{"ngg_post_thumbnail":0,"footnotes":""},"class_list":["post-629","page","type-page","status-publish","hentry"],"_links":{"self":[{"href":"https:\/\/www.solar-energie-boden.de\/index.php?rest_route=\/wp\/v2\/pages\/629","targetHints":{"allow":["GET"]}}],"collection":[{"href":"https:\/\/www.solar-energie-boden.de\/index.php?rest_route=\/wp\/v2\/pages"}],"about":[{"href":"https:\/\/www.solar-energie-boden.de\/index.php?rest_route=\/wp\/v2\/types\/page"}],"author":[{"embeddable":true,"href":"https:\/\/www.solar-energie-boden.de\/index.php?rest_route=\/wp\/v2\/users\/1"}],"replies":[{"embeddable":true,"href":"https:\/\/www.solar-energie-boden.de\/index.php?rest_route=%2Fwp%2Fv2%2Fcomments&post=629"}],"version-history":[{"count":0,"href":"https:\/\/www.solar-energie-boden.de\/index.php?rest_route=\/wp\/v2\/pages\/629\/revisions"}],"up":[{"embeddable":true,"href":"https:\/\/www.solar-energie-boden.de\/index.php?rest_route=\/wp\/v2\/pages\/878"}],"wp:attachment":[{"href":"https:\/\/www.solar-energie-boden.de\/index.php?rest_route=%2Fwp%2Fv2%2Fmedia&parent=629"}],"curies":[{"name":"wp","href":"https:\/\/api.w.org\/{rel}","templated":true}]}}