{"id":71,"date":"2011-01-16T19:14:57","date_gmt":"2011-01-16T19:14:57","guid":{"rendered":"http:\/\/solar-energie-boden.de\/wordpress\/?page_id=71"},"modified":"2023-03-22T13:06:21","modified_gmt":"2023-03-22T11:06:21","slug":"impressum","status":"publish","type":"page","link":"https:\/\/www.solar-energie-boden.de\/?page_id=71","title":{"rendered":"Impressum"},"content":{"rendered":"<p><strong>Solar- und Energiesysteme Boden<\/strong><br \/>\n<em>Handwerksmeister Matthias Boden<\/em><\/p>\n<p>Otto-Boessneck-Str. 2<br \/>\n08132 M\u00fclsen<\/p>\n<p>Telefon: (03 76 01) 28 80<br \/>\nTelefax: (03 76 01) 28 82<\/p>\n<p>E-Mail: <a href=\"mailto:info@solar-energie-boden.de\">info@solar-energie-boden.de<\/a><br \/>\nInternet: www.solar-energie-boden.de<\/p>\n<p>&nbsp;<\/p>\n<p>Zust\u00e4ndige Kammer: Handwerkskammer Chemnitz, Limbacher Str. 195, 09116 Chemnitz<br \/>\nBerufsbezeichnung: Handwerksmeister (verliehen in der Bundesrepublik Deutschland)<\/p>\n<p>Berufsrechtliche Regelungen: Handwerksordnung (zu finden im Bundesgesetzblatt I, Seite 3074 in der Fassung vom 24. September 1998)<\/p>\n<p>Umsatzsteuer-Identifikationsnummer gem\u00e4\u00df \u00a7 27 a Umsatzsteuergesetz: DE141418667<\/p>\n<p>Inhaltlich Verantwortlicher gem\u00e4\u00df \u00a7 10 Absatz 3 MDStV: Christian Boden (Anschrift wie oben)<\/p>\n<p>Haftungshinweis: Trotz sorgf\u00e4ltiger inhaltlicher Kontrolle \u00fcbernehmen wir keine Haftung f\u00fcr die Inhalte externer Links. F\u00fcr den Inhalt der verlinkten Seiten sind ausschlie\u00dflich deren Betreiber verantwortlich.<\/p>\n<p>Unsere Allgemeinen Leistungs- und Zahlungsbedingungen (auch: AGB &#8211; Allgemeine Gesch\u00e4ftsbedingungen) finden Sie hier:<\/p>\n<div class='w3eden'><!-- WPDM Link Template: Default Template -->\n\n<div class=\"link-template-default card mb-2\">\n    <div class=\"card-body\">\n        <div class=\"media\">\n            <div class=\"mr-3 img-48\"><img decoding=\"async\" class=\"wpdm_icon\" alt=\"Icon\" src=\"https:\/\/www.solar-energie-boden.de\/wp-content\/plugins\/download-manager\/assets\/file-type-icons\/pdf.svg\" \/><\/div>\n            <div class=\"media-body\">\n                <h3 class=\"package-title\"><a href='https:\/\/www.solar-energie-boden.de\/?wpdmpro=agb-ses-boden'>AGB SES Boden<\/a><\/h3>\n                <div class=\"text-muted text-small\"><i class=\"fas fa-copy\"><\/i> 1 Datei(en) <i class=\"fas fa-hdd ml-3\"><\/i> 132.97 KB<\/div>\n            <\/div>\n            <div class=\"ml-3\">\n                <a class='wpdm-download-link btn btn-secondary btn-xs' rel='nofollow' href='https:\/\/www.solar-energie-boden.de\/?wpdmpro=agb-ses-boden&wpdmdl=1998&refresh=69e8b69d3c90f1776858781'>Download<\/a>\n            <\/div>\n        <\/div>\n    <\/div>\n<\/div>\n\n<\/div>\n","protected":false},"excerpt":{"rendered":"<p>Solar- und Energiesysteme Boden Handwerksmeister Matthias Boden Otto-Boessneck-Str. 2 08132 M\u00fclsen Telefon: (03 76 01) 28 80 Telefax: (03 76 01) 28 82 E-Mail: info@solar-energie-boden.de Internet: www.solar-energie-boden.de &nbsp; Zust\u00e4ndige Kammer: Handwerkskammer Chemnitz, Limbacher Str. 195, 09116 Chemnitz Berufsbezeichnung: Handwerksmeister (verliehen<\/p>\n","protected":false},"author":1,"featured_media":0,"parent":68,"menu_order":0,"comment_status":"open","ping_status":"open","template":"","meta":{"ngg_post_thumbnail":0,"footnotes":""},"class_list":["post-71","page","type-page","status-publish","hentry"],"_links":{"self":[{"href":"https:\/\/www.solar-energie-boden.de\/index.php?rest_route=\/wp\/v2\/pages\/71","targetHints":{"allow":["GET"]}}],"collection":[{"href":"https:\/\/www.solar-energie-boden.de\/index.php?rest_route=\/wp\/v2\/pages"}],"about":[{"href":"https:\/\/www.solar-energie-boden.de\/index.php?rest_route=\/wp\/v2\/types\/page"}],"author":[{"embeddable":true,"href":"https:\/\/www.solar-energie-boden.de\/index.php?rest_route=\/wp\/v2\/users\/1"}],"replies":[{"embeddable":true,"href":"https:\/\/www.solar-energie-boden.de\/index.php?rest_route=%2Fwp%2Fv2%2Fcomments&post=71"}],"version-history":[{"count":2,"href":"https:\/\/www.solar-energie-boden.de\/index.php?rest_route=\/wp\/v2\/pages\/71\/revisions"}],"predecessor-version":[{"id":2002,"href":"https:\/\/www.solar-energie-boden.de\/index.php?rest_route=\/wp\/v2\/pages\/71\/revisions\/2002"}],"up":[{"embeddable":true,"href":"https:\/\/www.solar-energie-boden.de\/index.php?rest_route=\/wp\/v2\/pages\/68"}],"wp:attachment":[{"href":"https:\/\/www.solar-energie-boden.de\/index.php?rest_route=%2Fwp%2Fv2%2Fmedia&parent=71"}],"curies":[{"name":"wp","href":"https:\/\/api.w.org\/{rel}","templated":true}]}}