{"id":84,"date":"2011-01-16T19:30:36","date_gmt":"2011-01-16T19:30:36","guid":{"rendered":"http:\/\/solar-energie-boden.de\/wordpress\/?page_id=84"},"modified":"2012-09-13T19:26:07","modified_gmt":"2012-09-13T17:26:07","slug":"solarthermie","status":"publish","type":"page","link":"https:\/\/www.solar-energie-boden.de\/?page_id=84","title":{"rendered":"Referenzen Solarthermie"},"content":{"rendered":"<p>Hier erhalten Sie einen kleinen Einblick in unser Referenzalbum.<\/p>\n<p><em>Mit einem Klick auf das Vorschaubild \u00f6ffnet sich die Galerie, \u00fcber die Pfeile k\u00f6nnen Sie vor und zur\u00fcck navigieren. Mit einem Klick auf das Bild k\u00f6nnen Sie die Galerie schlie\u00dfen.<\/em><\/p>\n<hr \/>\n<h3>Wohnhaus in Chemnitz (18,8 m\u00b2)<\/h3>\n<p>Indachanlage zur Warmwasserbereitung und Heizungsunterst\u00fctzung<br \/>\nngg_shortcode_0_placeholder<\/p>\n<hr \/>\n<h3>Wohnhaus in Reinsdorf (9,4 m\u00b2)<\/h3>\n<p>Fassadenanlage zur Warmwasserbereitung und Heizungsunterst\u00fctzung; Kombination mit W\u00e4rmepumpe<br \/>\nngg_shortcode_1_placeholder<\/p>\n<hr \/>\n<h3>Wohnhaus in M\u00fclsen (18,1 m\u00b2)<\/h3>\n<p>Indach-Anlage zur Warmwasser-Bereitung, Heizungsunterst\u00fctzung und Schwimmbad-Erw\u00e4rmung<br \/>\n&gt;&gt; zeitsparende Kranmontage innerhalb von 1,5 Stunden!<br \/>\nngg_shortcode_2_placeholder<\/p>\n<hr \/>\n<h3>Wohnhaus in Zwickau (14,1 m\u00b2)<\/h3>\n<p>Aufdachanlage zur Warmwasserbereitung und Heizungsunterst\u00fctzung; Kombination mit W\u00e4rmepumpe<br \/>\nngg_shortcode_3_placeholder<\/p>\n<hr \/>\n<h3>Wohnhaus in M\u00fclsen (23,2 m\u00b2)<\/h3>\n<p>R\u00f6hrenkollektoranlage zur Warmwasserbereitung und Heizungsunterst\u00fctzung<br \/>\nngg_shortcode_4_placeholder<\/p>\n<hr \/>\n<h3>Wohnhaus in Silberstra\u00dfe (9,2 m\u00b2)<\/h3>\n<p>Wandmontage an denkmalgesch\u00fctztem Objekt<br \/>\nngg_shortcode_5_placeholder<\/p>\n","protected":false},"excerpt":{"rendered":"<p>Hier erhalten Sie einen kleinen Einblick in unser Referenzalbum. Mit einem Klick auf das Vorschaubild \u00f6ffnet sich die Galerie, \u00fcber die Pfeile k\u00f6nnen Sie vor und zur\u00fcck navigieren. Mit einem Klick auf das Bild k\u00f6nnen Sie die Galerie schlie\u00dfen. Wohnhaus<\/p>\n","protected":false},"author":1,"featured_media":0,"parent":45,"menu_order":0,"comment_status":"closed","ping_status":"closed","template":"","meta":{"ngg_post_thumbnail":0,"footnotes":""},"class_list":["post-84","page","type-page","status-publish","hentry"],"_links":{"self":[{"href":"https:\/\/www.solar-energie-boden.de\/index.php?rest_route=\/wp\/v2\/pages\/84","targetHints":{"allow":["GET"]}}],"collection":[{"href":"https:\/\/www.solar-energie-boden.de\/index.php?rest_route=\/wp\/v2\/pages"}],"about":[{"href":"https:\/\/www.solar-energie-boden.de\/index.php?rest_route=\/wp\/v2\/types\/page"}],"author":[{"embeddable":true,"href":"https:\/\/www.solar-energie-boden.de\/index.php?rest_route=\/wp\/v2\/users\/1"}],"replies":[{"embeddable":true,"href":"https:\/\/www.solar-energie-boden.de\/index.php?rest_route=%2Fwp%2Fv2%2Fcomments&post=84"}],"version-history":[{"count":0,"href":"https:\/\/www.solar-energie-boden.de\/index.php?rest_route=\/wp\/v2\/pages\/84\/revisions"}],"up":[{"embeddable":true,"href":"https:\/\/www.solar-energie-boden.de\/index.php?rest_route=\/wp\/v2\/pages\/45"}],"wp:attachment":[{"href":"https:\/\/www.solar-energie-boden.de\/index.php?rest_route=%2Fwp%2Fv2%2Fmedia&parent=84"}],"curies":[{"name":"wp","href":"https:\/\/api.w.org\/{rel}","templated":true}]}}