{"id":86,"date":"2011-01-16T19:30:59","date_gmt":"2011-01-16T17:30:59","guid":{"rendered":"http:\/\/solar-energie-boden.de\/wordpress\/?page_id=86"},"modified":"2012-09-17T21:03:36","modified_gmt":"2012-09-17T19:03:36","slug":"warmepumpe","status":"publish","type":"page","link":"https:\/\/www.solar-energie-boden.de\/?page_id=86","title":{"rendered":"Referenzen W\u00e4rmepumpe"},"content":{"rendered":"<p>Hier erhalten Sie einen kleinen Einblick in unser Referenzalbum.<\/p>\n<p><em>Mit einem Klick auf das Vorschaubild \u00f6ffnet sich die Galerie, \u00fcber die Pfeile k\u00f6nnen Sie vor und zur\u00fcck navigieren. Mit einem Klick auf das Bild k\u00f6nnen Sie die Galerie schlie\u00dfen.<\/em><\/p>\n<hr \/>\n<h3>Wohnhaus in Helbra (11 kW)<\/h3>\n<p>DIMPLEX LA 11 AS mit Pufferspeicher &#8222;ProClean&#8220; zur Heizung und Warmwasser-Bereitung; Heizverteilsystem Heizleisten im gesamten Haus<br \/>\nngg_shortcode_0_placeholder<\/p>\n<hr \/>\n<h3>Wohnhaus in Werdau (16 kW)<\/h3>\n<p>DIMPLEX LA 16 AS mit Pufferspeicher zur Heizung und Warmwasser-Bereitung; Solaranlage zur Heizungsunterst\u00fctzung und Warmwasser-Bereitung<br \/>\nngg_shortcode_1_placeholder<\/p>\n<hr \/>\n<h3>Wohnhaus in Reinsdorf (16 kW)<\/h3>\n<p>DIMPLEX LA 16 AS mit Pufferspeicher zur Heizung und Warmwasser-Bereitung; Solaranlage zur Heizungsunterst\u00fctzung und Warmwasser-Bereitung<br \/>\nngg_shortcode_2_placeholder<\/p>\n<hr \/>\n<h3>Wohnhaus in Breitenbrunn (28 kW)<\/h3>\n<p>DIMPLEX LI 28 AS mit Pufferspeicher zur Heizung und Warmwasser-Bereitung; Heizverteilsystem mit Heizleisten auf niedrige Vorlauftemperaturen umger\u00fcstet<br \/>\nngg_shortcode_3_placeholder<\/p>\n<hr \/>\n<h3>Versammlungsst\u00e4tte in Breitenbrunn (23 kW)<\/h3>\n<p>DIMPLEX SI 23 P mit Pufferspeicher zur Heizung und Warmwasser-Bereitung; Heizverteilsystem: Fu\u00dfbodenheizung<br \/>\nngg_shortcode_4_placeholder<\/p>\n","protected":false},"excerpt":{"rendered":"<p>Hier erhalten Sie einen kleinen Einblick in unser Referenzalbum. Mit einem Klick auf das Vorschaubild \u00f6ffnet sich die Galerie, \u00fcber die Pfeile k\u00f6nnen Sie vor und zur\u00fcck navigieren. Mit einem Klick auf das Bild k\u00f6nnen Sie die Galerie schlie\u00dfen. Wohnhaus<\/p>\n","protected":false},"author":1,"featured_media":0,"parent":45,"menu_order":0,"comment_status":"closed","ping_status":"closed","template":"","meta":{"ngg_post_thumbnail":0,"footnotes":""},"class_list":["post-86","page","type-page","status-publish","hentry"],"_links":{"self":[{"href":"https:\/\/www.solar-energie-boden.de\/index.php?rest_route=\/wp\/v2\/pages\/86","targetHints":{"allow":["GET"]}}],"collection":[{"href":"https:\/\/www.solar-energie-boden.de\/index.php?rest_route=\/wp\/v2\/pages"}],"about":[{"href":"https:\/\/www.solar-energie-boden.de\/index.php?rest_route=\/wp\/v2\/types\/page"}],"author":[{"embeddable":true,"href":"https:\/\/www.solar-energie-boden.de\/index.php?rest_route=\/wp\/v2\/users\/1"}],"replies":[{"embeddable":true,"href":"https:\/\/www.solar-energie-boden.de\/index.php?rest_route=%2Fwp%2Fv2%2Fcomments&post=86"}],"version-history":[{"count":0,"href":"https:\/\/www.solar-energie-boden.de\/index.php?rest_route=\/wp\/v2\/pages\/86\/revisions"}],"up":[{"embeddable":true,"href":"https:\/\/www.solar-energie-boden.de\/index.php?rest_route=\/wp\/v2\/pages\/45"}],"wp:attachment":[{"href":"https:\/\/www.solar-energie-boden.de\/index.php?rest_route=%2Fwp%2Fv2%2Fmedia&parent=86"}],"curies":[{"name":"wp","href":"https:\/\/api.w.org\/{rel}","templated":true}]}}