{"id":938,"date":"2012-09-13T21:55:43","date_gmt":"2012-09-13T19:55:43","guid":{"rendered":"http:\/\/solar-energie-boden.de\/?page_id=938"},"modified":"2012-09-27T23:58:02","modified_gmt":"2012-09-27T21:58:02","slug":"wartung-service","status":"publish","type":"page","link":"https:\/\/www.solar-energie-boden.de\/?page_id=938","title":{"rendered":"Wartung &#038; Service"},"content":{"rendered":"<p>Zu Beginn der Heizperiode lohnt sich ein Blick in die Anlagenmappe: Wurde regelm\u00e4\u00dfig eine Heizungswartung durchgef\u00fchrt?<br \/>\nEine Wartung minimiert die Gefahr einer St\u00f6rung der Heizungsanlage erheblich. Sie sorgt aber nicht nur f\u00fcr die (Betriebs-)Sicherheit der Anlage, sondern verl\u00e4ngert auch deren Lebensdauer nachweislich. Au\u00dferdem kann durch eine Wartung und ggfs. Reinigung der Verbrauch teilweise deutlich reduziert und die Effizienz gesteigert werden.<\/p>\n<p>Wir f\u00fchren seit vielen Jahren Wartungs- und Servicearbeiten an unterschiedlichen W\u00e4rmeerzeugern verschiedener Hersteller aus. Neben \u00d6l- und Gaskesseln (bzw. Thermen) warten wir auch Holz- und Pelletkessel, sowie L\u00fcftungs- W\u00e4rmepumpen- und Solaranlagen (Thermie und Photovoltaik). Sprechen Sie uns an!<\/p>\n<p>Folgende Fotos zeigen, wie der W\u00e4rmetauscher einer Brennwerttherme nach <strong>14 Jahren ohne Wartung<\/strong> aussieht. G\u00f6nnen Sie Ihrer Heizungsanlage also regelm\u00e4\u00dfig ein \u201cWellnessprogramm\u201d. Sie wird es Ihnen danken\u2026<\/p>\nngg_shortcode_0_placeholder\n<p>Unser Kundendienst ist bei St\u00f6rungen an Ihrer W\u00e4rmepumpe, Solaranlage oder Heizung 24 Stunden am Tag f\u00fcr Sie unter unserer Servicenummer erreichbar.<br \/>\nAu\u00dferdem sind wir DIMPLEX-Werkskundendienst in den Regionen Mittel- und Westsachsen sowie Ostth\u00fcringen. \u2192 <a title=\"Kontakt\" href=\"http:\/\/solar-energie-boden.de\/?page_id=62\">Kontakt<\/a><\/p>\n","protected":false},"excerpt":{"rendered":"<p>Zu Beginn der Heizperiode lohnt sich ein Blick in die Anlagenmappe: Wurde regelm\u00e4\u00dfig eine Heizungswartung durchgef\u00fchrt? Eine Wartung minimiert die Gefahr einer St\u00f6rung der Heizungsanlage erheblich. Sie sorgt aber nicht nur f\u00fcr die (Betriebs-)Sicherheit der Anlage, sondern verl\u00e4ngert auch deren<\/p>\n","protected":false},"author":1,"featured_media":0,"parent":57,"menu_order":0,"comment_status":"closed","ping_status":"closed","template":"","meta":{"ngg_post_thumbnail":0,"footnotes":""},"class_list":["post-938","page","type-page","status-publish","hentry"],"_links":{"self":[{"href":"https:\/\/www.solar-energie-boden.de\/index.php?rest_route=\/wp\/v2\/pages\/938","targetHints":{"allow":["GET"]}}],"collection":[{"href":"https:\/\/www.solar-energie-boden.de\/index.php?rest_route=\/wp\/v2\/pages"}],"about":[{"href":"https:\/\/www.solar-energie-boden.de\/index.php?rest_route=\/wp\/v2\/types\/page"}],"author":[{"embeddable":true,"href":"https:\/\/www.solar-energie-boden.de\/index.php?rest_route=\/wp\/v2\/users\/1"}],"replies":[{"embeddable":true,"href":"https:\/\/www.solar-energie-boden.de\/index.php?rest_route=%2Fwp%2Fv2%2Fcomments&post=938"}],"version-history":[{"count":0,"href":"https:\/\/www.solar-energie-boden.de\/index.php?rest_route=\/wp\/v2\/pages\/938\/revisions"}],"up":[{"embeddable":true,"href":"https:\/\/www.solar-energie-boden.de\/index.php?rest_route=\/wp\/v2\/pages\/57"}],"wp:attachment":[{"href":"https:\/\/www.solar-energie-boden.de\/index.php?rest_route=%2Fwp%2Fv2%2Fmedia&parent=938"}],"curies":[{"name":"wp","href":"https:\/\/api.w.org\/{rel}","templated":true}]}}