{"id":944,"date":"2012-09-13T21:58:25","date_gmt":"2012-09-13T19:58:25","guid":{"rendered":"http:\/\/solar-energie-boden.de\/?page_id=944"},"modified":"2012-10-03T13:26:10","modified_gmt":"2012-10-03T11:26:10","slug":"wenn-ihre-heizung-ein-auto-ware","status":"publish","type":"page","link":"https:\/\/www.solar-energie-boden.de\/?page_id=944","title":{"rendered":"Wenn Ihre Heizung ein Auto w\u00e4re&#8230;"},"content":{"rendered":"<p><a href=\"http:\/\/solar-energie-boden.de\/wp-content\/uploads\/2012\/09\/Fotolia_40341160_breit.jpg\"><img loading=\"lazy\" decoding=\"async\" class=\"alignnone size-full wp-image-1050\" title=\"Kampagnenfoto Heizung-Auto 660px\" src=\"http:\/\/solar-energie-boden.de\/wp-content\/uploads\/2012\/09\/Fotolia_40341160_breit.jpg\" alt=\"\" width=\"660\" height=\"271\" srcset=\"https:\/\/www.solar-energie-boden.de\/wp-content\/uploads\/2012\/09\/Fotolia_40341160_breit.jpg 660w, https:\/\/www.solar-energie-boden.de\/wp-content\/uploads\/2012\/09\/Fotolia_40341160_breit-300x123.jpg 300w, https:\/\/www.solar-energie-boden.de\/wp-content\/uploads\/2012\/09\/Fotolia_40341160_breit-150x61.jpg 150w, https:\/\/www.solar-energie-boden.de\/wp-content\/uploads\/2012\/09\/Fotolia_40341160_breit-400x164.jpg 400w\" sizes=\"auto, (max-width: 660px) 100vw, 660px\" \/><\/a><\/p>\n<p>&nbsp;<\/p>\n<p><em>Was ist f\u00fcr Sie im t\u00e4glichen Leben &#8222;unverzichtbar&#8220;? Relativ weit oben auf der Liste der &#8222;unverzichtbaren Dinge&#8220; steht bei uns Deutschen das Auto. Auf unser Fortbewegungsmittel k\u00f6nnen und wollen wir nur ungern verzichten.<br \/>\nBeim Kauf eines neuen Autos schaut man nicht nur auf die Folgekosten (Versicherung, Steuern, Verbrauch,&#8230;), sondern nimmt gern viele n\u00fctzliche und auch manche \u00fcberfl\u00fcssige Komfortfunktion mit. Bei der Pflege des Wagens werden weder Kosten noch M\u00fchen gescheut.<\/em><\/p>\n<h3>Der Vergleich<\/h3>\n<p>Wir wagen einen <strong>au\u00dfergew\u00f6hnlichen Vergleich<\/strong>: Auto und Heizung! Vergleichen Sie doch einmal die Betriebsstunden Ihrer Heizung mit den Betriebsstunden Ihres Autos. Oder sehen Sie sich die &#8222;umgerechnete&#8220; Kilometer-Laufleistung an.<\/p>\n<table border=\"1\" cellspacing=\"0\" cellpadding=\"0\">\n<tbody>\n<tr>\n<td valign=\"top\" width=\"200\"><\/td>\n<td valign=\"top\" width=\"125\"><strong>Auto<\/strong><br \/>\n<em><small>Vielfahrer<\/small><\/em><\/td>\n<td valign=\"top\" width=\"125\"><strong>Auto<\/strong><br \/>\n<em><small>Wenigfahrer<\/small><\/em><\/td>\n<td valign=\"top\" width=\"125\"><strong>Heizung<\/strong><br \/>\n<em><small>Wechsel empfohlen<\/small><\/em><\/td>\n<td valign=\"top\" width=\"125\"><strong>Heizung<\/strong><br \/>\n<em><small>Wechsel notwendig<\/small><\/em><\/td>\n<\/tr>\n<tr>\n<td valign=\"top\">Laufleistung <small>pro Jahr<\/small><br \/>\nBetriebsstd. <small>pro Jahr<\/small><\/td>\n<td valign=\"top\">30.000 km\n<\/td>\n<td valign=\"top\">10.000 km\n<\/td>\n<td valign=\"top\">&nbsp;<br \/>2000 h<\/td>\n<td valign=\"top\">&nbsp;<br \/>2000 h<\/td>\n<\/tr>\n<tr>\n<td valign=\"top\">Geschwindigkeit <small>durchschn.<\/small><br \/>\nHeizleistung <small>durchschn.<\/small><\/td>\n<td valign=\"top\">60 km\/h<\/td>\n<td valign=\"top\">40 km\/h<\/td>\n<td valign=\"top\">&nbsp;<br \/>12 kW<\/td>\n<td valign=\"top\">&nbsp;<br \/>12 kW<\/td>\n<\/tr>\n<tr>\n<td valign=\"top\">Nutzungszeit <small>gesamt<\/small><\/td>\n<td valign=\"top\">6 Jahre<\/td>\n<td valign=\"top\">8 Jahre<\/td>\n<td valign=\"top\">15 Jahre<\/td>\n<td valign=\"top\">20 Jahre<\/td>\n<\/tr>\n<tr>\n<td valign=\"top\">Betriebsstd. <small>gesamt<\/small><\/td>\n<td valign=\"top\">3000 h<\/td>\n<td valign=\"top\">2000 h<\/td>\n<td valign=\"top\">30.000 h<\/td>\n<td valign=\"top\">40.000 h<\/td>\n<\/tr>\n<tr>\n<td valign=\"top\">Laufleistung <small>gesamt<\/small><br \/>\nEnergiemenge <small>gesamt<\/small><\/td>\n<td valign=\"top\">180.000 km<\/td>\n<td valign=\"top\">80.000 km<\/td>\n<td valign=\"top\">&nbsp;<br \/>360.000 kWh<\/td>\n<td valign=\"top\">&nbsp;<br \/>480.000 kWh<\/td>\n<\/tr>\n<tr>\n<td valign=\"top\"><b>entspr. Laufleistung<\/b><\/td>\n<td valign=\"top\"><\/td>\n<td valign=\"top\"><\/td>\n<td valign=\"top\"><b>1,8 Mio. km<\/b><\/td>\n<td valign=\"top\"><b>2,4 Mio. km<\/b><\/td>\n<\/tr>\n<\/tbody>\n<\/table>\n<p>&nbsp;<br \/>\nAus dieser Tabelle erkennt man deutlich, welche Leistung Ihre Heizungsanlage bringen muss und welche Nutzungsdauer von Ihre verlangt wird. Wenn man die Betriebsstunden in Kilometer umrechnet, h\u00e4tte Ihre Heizungsanlage die <strong>Erde 45-mal innerhalb ihrer Nutzungsdauer von 15 Jahren umrundet<\/strong> &#8211; also rund dreimal pro Jahr!<\/p>\n<h3>Unsere &#8222;Energiespar-Modelle&#8220;<\/h3>\n<p>Der direkte Vergleich zwischen Heizung und Auto beeindruckt. Doch welche Konsequenzen ergeben sich daraus f\u00fcr Ihre Heizung? Wir haben Ihnen drei Kategorien mit jeweils verschiedenen Beispielen zusammengestellt, die Ihnen Anregungen geben k\u00f6nnen. Gern beraten wir Sie auch in einem pers\u00f6nlichen Gespr\u00e4ch. Sprechen Sie uns an!<br \/>\n&nbsp;<br \/>\n<a href=\"http:\/\/solar-energie-boden.de\/?page_id=1107\" title=\"Unsere \u201cEnergiespar-Modelle\u201d\">Link: Unsere &#8222;Energiespar-Modelle&#8220;<\/a><\/p>\n","protected":false},"excerpt":{"rendered":"<p>&nbsp; Was ist f\u00fcr Sie im t\u00e4glichen Leben &#8222;unverzichtbar&#8220;? Relativ weit oben auf der Liste der &#8222;unverzichtbaren Dinge&#8220; steht bei uns Deutschen das Auto. Auf unser Fortbewegungsmittel k\u00f6nnen und wollen wir nur ungern verzichten. Beim Kauf eines neuen Autos schaut<\/p>\n","protected":false},"author":1,"featured_media":0,"parent":0,"menu_order":0,"comment_status":"closed","ping_status":"closed","template":"","meta":{"ngg_post_thumbnail":0,"footnotes":""},"class_list":["post-944","page","type-page","status-publish","hentry"],"_links":{"self":[{"href":"https:\/\/www.solar-energie-boden.de\/index.php?rest_route=\/wp\/v2\/pages\/944","targetHints":{"allow":["GET"]}}],"collection":[{"href":"https:\/\/www.solar-energie-boden.de\/index.php?rest_route=\/wp\/v2\/pages"}],"about":[{"href":"https:\/\/www.solar-energie-boden.de\/index.php?rest_route=\/wp\/v2\/types\/page"}],"author":[{"embeddable":true,"href":"https:\/\/www.solar-energie-boden.de\/index.php?rest_route=\/wp\/v2\/users\/1"}],"replies":[{"embeddable":true,"href":"https:\/\/www.solar-energie-boden.de\/index.php?rest_route=%2Fwp%2Fv2%2Fcomments&post=944"}],"version-history":[{"count":0,"href":"https:\/\/www.solar-energie-boden.de\/index.php?rest_route=\/wp\/v2\/pages\/944\/revisions"}],"wp:attachment":[{"href":"https:\/\/www.solar-energie-boden.de\/index.php?rest_route=%2Fwp%2Fv2%2Fmedia&parent=944"}],"curies":[{"name":"wp","href":"https:\/\/api.w.org\/{rel}","templated":true}]}}